{"id":34,"date":"2021-01-31T15:15:17","date_gmt":"2021-01-31T15:15:17","guid":{"rendered":"https:\/\/heilpraktikerinnen-just-schmitt.de\/index.php\/aktuelles\/"},"modified":"2026-04-01T09:26:20","modified_gmt":"2026-04-01T09:26:20","slug":"aktuelles","status":"publish","type":"page","link":"https:\/\/heilpraktikerinnen-just-schmitt.de\/index.php\/aktuelles\/","title":{"rendered":"Aktuelles"},"content":{"rendered":"\n    \n    <section class=\"u-align-center u-clearfix u-container-align-center u-palette-1-light-2 u-section-2\" id=\"sec-9f9b\">\n      <div class=\"u-clearfix u-sheet u-sheet-1\">\n        <h1 class=\"u-text u-text-default u-text-palette-1-dark-2 u-title u-text-1\">Aktuelles <\/h1>\n      <\/div>\n    <\/section>\n    <section class=\"u-clearfix u-image u-section-3\" id=\"block-6\" data-image-width=\"3344\" data-image-height=\"2092\" style=\"background-image: url(&quot;https:\/\/heilpraktikerinnen-just-schmitt.de\/wp-content\/uploads\/2026\/03\/FrhlingimSauerwald1-scaled.jpg&quot;);\">\n      <div class=\"u-clearfix u-sheet u-sheet-1\">\n        <h2 class=\"u-align-center u-text u-text-body-alt-color u-text-default u-text-1\">&nbsp; <\/h2>\n        <p class=\"u-align-center u-text u-text-body-alt-color u-text-2\"><span class=\"u-text-white\"><span style=\"font-size: 3rem;\">B\u00e4rlauch<\/span> - Er bringt alles in Bewegung und kann helfen, Vergangenes loszulassen. Er schen\u200bkt Willensst\u00e4rke&nbsp; und f\u00f6rdert den Tatendrang. <\/span>\n        <\/p>\n      <\/div>\n    <\/section>\n    <section class=\"u-clearfix u-palette-1-light-2 u-section-4\" id=\"sec-45c7\">\n      <div class=\"u-clearfix u-sheet u-valign-bottom-xl u-sheet-1\">\n        <div class=\"u-expanded-width u-list u-list-1\">\n          <div class=\"u-repeater u-repeater-1\">\n            <div class=\"u-container-style u-list-item u-repeater-item u-white u-list-item-1\">\n              <div class=\"u-container-layout u-similar-container u-container-layout-1\">\n                <h3 class=\"u-text u-text-1\">B\u00e4rlauch - Fr\u00fchlingskraft&nbsp;<\/h3>\n                <div class=\"u-border-4 u-border-palette-1-dark-1 u-expanded-width u-line u-line-horizontal u-line-1\"><\/div>\n                <img decoding=\"async\" class=\"custom-expanded u-image u-image-1\" src=\"https:\/\/heilpraktikerinnen-just-schmitt.de\/wp-content\/uploads\/2026\/03\/Brlauch1-scaled.jpg\" data-image-width=\"3595\" data-image-height=\"2234\">\n                <p class=\"u-text u-text-2\">Er ist eines der typischen Fr\u00fchlingsreinigungskr\u00e4uter und steckt voller Durchdringungs- und Erneuerungskraft.&nbsp;<br>In schattigen Laubw\u00e4ldern und in der N\u00e4he eines Baches kann man ihn finden.\n                <\/p>\n                <a href=\"#sec-45c7\" class=\"u-border-none u-btn u-button-style u-palette-1-light-1 u-btn-1\">Mehr erfahren<\/a>\n              <\/div>\n            <\/div>\n            <div class=\"u-container-style u-list-item u-repeater-item u-white u-list-item-2\">\n              <div class=\"u-container-layout u-similar-container u-container-layout-2\">\n                <h3 class=\"u-text u-text-3\">L\u00f6wenzahn - Licht ins Dunkel<\/h3>\n                <div class=\"u-border-4 u-border-palette-1-dark-1 u-expanded-width u-line u-line-horizontal u-line-2\"><\/div>\n                <img decoding=\"async\" class=\"custom-expanded u-image u-image-2\" src=\"https:\/\/heilpraktikerinnen-just-schmitt.de\/wp-content\/uploads\/2026\/03\/Lwenzahn1-scaled.jpg\" data-image-width=\"3467\" data-image-height=\"2213\">\n                <p class=\"u-text u-text-4\">Er enth\u00e4lt viele Bitterstoffe und regt damit den Leber- und Nierenstoffwechsel an. In seiner Signatur als Lichtbringer soll er unterdr\u00fcckte Gef\u00fchle aus dem Inneren ans Licht bringen, wo sie endlich aufgel\u00f6st werden k\u00f6nnen.<\/p>\n                <a href=\"#carousel_9ac1\" class=\"u-border-none u-btn u-button-style u-palette-1-light-1 u-btn-2\">Mehr Erfahren<\/a>\n              <\/div>\n            <\/div>\n            <div class=\"u-container-style u-list-item u-repeater-item u-white u-list-item-3\">\n              <div class=\"u-container-layout u-similar-container u-container-layout-3\">\n                <h3 class=\"u-text u-text-5\">Den eigenen Energiek\u00f6rper bewusst machen und damit \u00fcben <\/h3>\n                <div class=\"u-border-4 u-border-palette-1-dark-1 u-expanded-width u-line u-line-horizontal u-line-3\"><\/div>\n                <img decoding=\"async\" class=\"custom-expanded u-image u-image-3\" src=\"https:\/\/heilpraktikerinnen-just-schmitt.de\/wp-content\/uploads\/2026\/03\/202fb731422bea2f8d897fdd8d8644a77ce2a0d5a8ef44df8134da11b90e1d6dcc4d7e69620d6ba11c8c9b78777bd11d86e9e52cbd1abe90179417_1280.jpg\" data-image-width=\"1280\" data-image-height=\"924\">\n                <p class=\"u-text u-text-6\"> Unseres physischen K\u00f6rpers sind wir uns bewusst. Jedoch ist den meisten Menschen nicht klar, dass uns auch ein energetischer K\u00f6rper umgibt. Dieser ist mit unserer Physis verbunden, durchdringt und speist sie.&nbsp;<\/p>\n                <a href=\"#Artikel3\" class=\"u-border-none u-btn u-button-style u-palette-1-light-1 u-btn-3\">Mehr erfahren<\/a>\n              <\/div>\n            <\/div>\n            <div class=\"u-container-style u-list-item u-repeater-item u-white u-list-item-4\">\n              <div class=\"u-container-layout u-similar-container u-container-layout-4\">\n                <h3 class=\"u-text u-text-7\">Die 7 Faktoren nach Dr. Dietrich Klinghardt <\/h3>\n                <div class=\"u-border-4 u-border-palette-1-dark-1 u-expanded-width u-line u-line-horizontal u-line-4\"><\/div>\n                <img decoding=\"async\" class=\"custom-expanded u-image u-image-4\" src=\"https:\/\/heilpraktikerinnen-just-schmitt.de\/wp-content\/uploads\/2026\/03\/8b4764a48cd901b93a5c8893edaed964f24b8b5b71edad06922faaf846f74b3879eb348db01c9a1301f82f87dd5f80e82bf80a945b6ef87627fa3c_1280.jpg\" data-image-width=\"1280\" data-image-height=\"815\">\n                <p class=\"u-text u-text-8\">Dr. Dietrich Klinghardt\u200b, ein bekannter deutsch-amerikanischer Arzt, hat die Ursachen von Krankheiten in die sog. 7 Faktoren unterteilt. Diese lassen sich mittels kinesiologischem Test beim Klienten feststellen und behandeln.<\/p>\n                <a href=\"#Artikel4\" class=\"u-border-none u-btn u-button-style u-palette-1-light-1 u-btn-4\">Mehr erfahren<\/a>\n              <\/div>\n            <\/div>\n          <\/div>\n        <\/div>\n      <\/div>\n    <\/section>\n    <section class=\"skrollable u-clearfix u-image u-parallax u-section-5\" id=\"carousel_3d22\" data-image-width=\"3314\" data-image-height=\"2443\" style=\"background-image: url(&quot;https:\/\/heilpraktikerinnen-just-schmitt.de\/wp-content\/uploads\/2026\/03\/BrlauchinderKche1-scaled.jpg&quot;);\">\n      <div class=\"u-clearfix u-sheet u-sheet-1\">\n        <div class=\"custom-expanded data-layout-selected u-clearfix u-gutter-0 u-layout-wrap u-layout-wrap-1\">\n          <div class=\"u-gutter-0 u-layout\">\n            <div class=\"u-layout-row\">\n              <div class=\"u-align-left u-container-align-left u-container-style u-layout-cell u-size-60 u-white u-layout-cell-1\">\n                <div class=\"u-container-layout u-valign-bottom-xl u-valign-top-lg u-valign-top-md u-valign-top-sm u-valign-top-xs u-container-layout-1\">\n                  <h2 class=\"u-text u-text-1\">B\u00e4rlauch - Fr\u00fchlingskraft<\/h2>\n                  <p class=\"u-text u-text-2\">B\u00e4rlauch kann nun t\u00fcchtig in den Speiseplan mit aufgenommen werden\u200b (Brotzeit, Salat, Pesto, in Teigwaren, etc.).<br><span style=\"font-weight: 700;\"> Wirkung:<\/span>\n                    <br><span style=\"font-weight: 700;\"><span style=\"font-weight: 700;\"><span style=\"font-weight: 400;\"> blutreinigend, entgiftend, leitet Schwermetalle aus<\/span><\/span><\/span>\n                    <br><span style=\"font-weight: 700;\"> Tipp:<\/span>\n                    <br>Wer gerne und viel B\u00e4rlauch verzehrt, soll reichlich Wasser trinken, um die ausleitende Wirkung zu unterst\u00fctzen.<br><span style=\"font-weight: 700;\"> B\u00e4rlauchtinktur selber machen:<\/span>\n                    <br>Frische Bl\u00e4tter s\u00e4ubern, klein schneiden, locker in ein helles Schraubglas f\u00fcllen und mit Weingeist (45 %) auff\u00fcllen. Dies 3 Wochen stehen lassen, danach in dunkle Fl\u00e4schchen abf\u00fcllen.<br>Als Kur: nach Vertr\u00e4glichkeit bis zu 6 Wochen bis 3 mal tgl. 20 Tropfen in Wasser einnehmen.<br>\n                    <br>\n                  <\/p>\n                <\/div>\n              <\/div>\n            <\/div>\n          <\/div>\n        <\/div>\n      <\/div>\n    <\/section>\n    <section class=\"skrollable u-clearfix u-image u-section-6\" id=\"carousel_9ac1\" data-image-width=\"3654\" data-image-height=\"2849\" style=\"background-image: url(&quot;https:\/\/heilpraktikerinnen-just-schmitt.de\/wp-content\/uploads\/2026\/03\/ReisedurchdieEnergietore1-1-scaled.jpg&quot;);\">\n      <div class=\"u-clearfix u-sheet u-valign-middle-lg u-valign-middle-md u-valign-middle-sm u-valign-middle-xs u-sheet-1\">\n        <div class=\"custom-expanded data-layout-selected u-clearfix u-gutter-0 u-layout-wrap u-layout-wrap-1\">\n          <div class=\"u-gutter-0 u-layout\" style=\"\">\n            <div class=\"u-layout-row\" style=\"\">\n              <div class=\"u-align-left u-container-align-left u-container-style u-layout-cell u-size-60 u-white u-layout-cell-1\">\n                <div class=\"u-container-layout u-valign-bottom-lg u-valign-bottom-md u-valign-bottom-sm u-valign-bottom-xs u-valign-middle-xl u-container-layout-1\">\n                  <h2 class=\"u-text u-text-1\">Energiefluten durch die Energiezentren<br>\n                    <br><span style=\"font-size: 1.25rem;\">Eine \u00dcbung:<\/span>\n                    <br><span style=\"font-weight: 400;\"><span style=\"font-size: 1.125rem;\"> Entspannt auf einem Stuhl sitzen, Zeichnung zurecht legen, H\u00e4nde entspannt auf den Oberschenkeln, Atem str\u00f6men lassen<\/span><\/span>\n                    <br><span style=\"font-size: 1.25rem;\"> Einatemrunde :<\/span>\n                    <br><span style=\"font-weight: 400;\"><span style=\"font-size: 1.25rem;\">Am Sakralzentrum einatmen - am Damm aus - am Stei\u00dfbein ein - an den Nieren aus - am Herz hinten ein - am dritten Auge hinten aus - am Scheitelzentrum ein - am dritten Auge vorne aus - an der Schilddr\u00fcse ein - am Herz vorne aus - am Solarplexus ein - am Sakralzentrum aus<\/span><\/span>\n                    <br><span style=\"font-size: 1.25rem;\">es folgt die sogleich die Ausatemrunde:<\/span><span style=\"font-weight: 400; font-size: 1.25rem;\">&nbsp;<\/span>\n                    <br><span style=\"font-weight: 400;\"><span style=\"font-size: 1.25rem;\">am<\/span><\/span><span style=\"font-weight: 400;\"><span style=\"font-size: 1.25rem;\"><\/span><span style=\"font-size: 1.25rem;\"> Damm einatmen - am Stei\u00dfbein aus - an den Nieren ein - am Herz hinten aus - am dritten Auge hinten ein - am Scheitelzentrum aus - am dritten Auge vorne ein - an der Schilddr\u00fcse aus - am Herz vorne ein - am Solarplexus aus und am Sakralzentrum ein - es folgen weiterlaufend je 2 Ein- bzw. Ausatemrunden<\/span><\/span>\n                    <br><span style=\"font-weight: 400;\"><span style=\"font-size: 1.25rem;\"><\/span><span style=\"font-size: 1.25rem;\"><span style=\"font-weight: 700;\"> Wirkung dieser \u00dcbung:<span style=\"font-weight: 400;\"><\/span><\/span><\/span><\/span>\n                    <br><span style=\"font-size: 1.25rem;\"><span style=\"font-weight: 400;\">Kontakt zum Energiek\u00f6rper herstellen, Energiefluss vom energetischen zum physischen K\u00f6rper herstellen (beide speisen sich gegenseitig, im Energiek\u00f6rper sitzen die Bildekr\u00e4fte f\u00fcr die Physis!!!)<\/span><span style=\"font-weight: 400;\"><\/span><\/span>\n                  <\/h2>\n                <\/div>\n              <\/div>\n            <\/div>\n          <\/div>\n        <\/div>\n      <\/div>\n    <\/section>\n    <section class=\"skrollable u-clearfix u-image u-parallax u-section-7\" id=\"Artikel3\" data-image-width=\"1280\" data-image-height=\"592\" style=\"background-image: url(&quot;https:\/\/heilpraktikerinnen-just-schmitt.de\/wp-content\/uploads\/2026\/03\/0154c0c4c32f3fb0e8d1d59c86fb53177a4cd87fab41748311114983e21bafe4f938990d32d9ec32d60d7544f744103bb9cdb0da7807720efdc242_1280.jpg&quot;);\">\n      <div class=\"u-clearfix u-sheet u-sheet-1\">\n        <div class=\"custom-expanded data-layout-selected u-clearfix u-gutter-0 u-layout-wrap u-layout-wrap-1\">\n          <div class=\"u-gutter-0 u-layout\" style=\"\">\n            <div class=\"u-layout-row\" style=\"\">\n              <div class=\"u-align-left u-container-align-left u-container-style u-layout-cell u-size-60 u-white u-layout-cell-1\">\n                <div class=\"u-container-layout u-container-layout-1\">\n                  <h2 class=\"u-text u-text-1\">L\u00f6wenzahn - Licht ins Dunkel <\/h2>\n                  <p class=\"u-text u-text-2\">Auch der L\u00f6wenzahn geh\u00f6rt in die K\u00fcche. Ich finde so selbstverst\u00e4nldich wie wir in den Einkaufsladen gehen um dort Nahrungsmittel zu kaufen, sollten wir in unseren Garten gehen und uns dort bedienen.&nbsp;<br><span style=\"font-weight: 700;\"> Wirkung:<\/span>\n                    <br> ausleitend \u00fcber die Leber, Anregung der Gallenproduktion (macht Fette besser verdaulich), Gallenabfluss, liefert Energie, verdauungsf\u00f6rdernd, blutbildend, seelisch aufhellend, gute Wirkung auch bei M\u00fcdigkeit, Arthrose, Schmerzen, Rheuma, Gicht und Hauterkrankungen<br><span style=\"font-weight: 700;\"> L\u00f6wenzahnsalat:<\/span>\n                    <br>L\u00f6wenzahnbl\u00e4tter kann man als Gem\u00fcse oder Salat genie\u00dfen, die Knospen als Gem\u00fcsebeilage. Die Bl\u00fcten zur Dekoration verwenden.\n                  <\/p>\n                <\/div>\n              <\/div>\n            <\/div>\n          <\/div>\n        <\/div>\n      <\/div>\n    <\/section>\n    <section class=\"skrollable u-clearfix u-image u-parallax u-section-8\" id=\"Artikel4\" data-image-width=\"1280\" data-image-height=\"850\" style=\"background-image: url(&quot;https:\/\/heilpraktikerinnen-just-schmitt.de\/wp-content\/uploads\/2026\/03\/918c782592d8c101f2a72104c4c7f0d5a51c6d802a95700cc1dc442ef4bf1a5131acaf9bea70ae2651d8a2fb2aacb2cfd5aaea14f8b9e12774181f_1280.jpg&quot;);\">\n      <div class=\"u-clearfix u-sheet u-sheet-1\">\n        <div class=\"custom-expanded data-layout-selected u-clearfix u-gutter-0 u-layout-wrap u-layout-wrap-1\">\n          <div class=\"u-gutter-0 u-layout\" style=\"\">\n            <div class=\"u-layout-row\" style=\"\">\n              <div class=\"u-align-left u-container-align-left u-container-style u-layout-cell u-size-60 u-white u-layout-cell-1\">\n                <div class=\"u-container-layout u-container-layout-1\">\n                  <h2 class=\"u-text u-text-1\">Die 7 Faktoren nach Dr. Dietrich Klinghardt<br>\n                    <br><span style=\"font-size: 1.5rem;\"><span style=\"font-size: 1.25rem;\">1. Faktor: unerl\u00f6ste seelische Konflikte und posttraumatische Belastungsst\u00f6rungen<\/span><\/span>\n                    <br><span style=\"font-weight: 400; font-size: 1.25rem;\">Bsp.: Nabelschnur um den Hals bei der Geburt<\/span>\n                    <br><span style=\"font-size: 1.25rem;\">2. Faktor: Energetische Blockaden und St\u00f6rfelder<\/span>\n                    <br><span style=\"font-weight: 400; font-size: 1.25rem;\">Bsp.: Verletzungen, Narben, Zahnst\u00f6rfelder, gest\u00f6rte Akupunktur Meridianpunkte etc.<\/span>\n                    <br><span style=\"font-size: 1.25rem;\">3. Faktor: Allergien und Unvertr\u00e4glicheiten<\/span>\n                    <br><span style=\"font-weight: 400; font-size: 1.25rem;\">Bsp.: Allergien auf Lebensmittel, Umweltstoffe oder Kontaktallergene<\/span>\n                    <br><span style=\"font-size: 1.25rem;\">4. Faktor: Biophysikalischer Stress - Elektrosmog und Geopathie<\/span>\n                    <br><span style=\"font-weight: 400; font-size: 1.25rem;\">Bsp.: gest\u00f6rter Schlaf- oder Arbeitsplatz, E-Smog etc.<\/span>\n                    <br><span style=\"font-size: 1.25rem;\">5. Faktor: Toxine und Umweltbelastungen<\/span>\n                    <br><span style=\"font-weight: 400; font-size: 1.25rem;\">Bsp.: Belastung durch Schwermetalle, Aluminium (Demenz!!!), Chemikalien am Arbeitsplatz, Biotoxine durch Erregerbelastung etc.<\/span>\n                    <br><span style=\"font-size: 1.25rem;\">6. Faktor: N\u00e4hrstoffm\u00e4ngel<\/span>\n                    <br><span style=\"font-weight: 400; font-size: 1.25rem;\">Bsp.: Vitamin- oder Mineralstoffmangel etc.<\/span>\n                    <br><span style=\"font-size: 1.25rem;\">7. Faktor: Strukturelle Probleme, Blockaden im Bewegungsapparat und Zahnbereich<\/span>\n                    <br><span style=\"font-weight: 400; font-size: 1.25rem;\">Bsp.: Gebiss- oder Kieferfehlstellung, Gelenkblockaden etc.<\/span>\n                    <br>\n                    <br><span style=\"font-weight: 400; font-size: 1.25rem;\">s. dazu auch nachfolgendes Video<\/span>\n                    <br><span style=\"font-weight: 400;\"><span style=\"font-size: 1.25rem;\"><\/span><\/span>\n                    <br>\n                  <\/h2>\n                <\/div>\n              <\/div>\n            <\/div>\n          <\/div>\n        <\/div>\n      <\/div>\n    <\/section>\n    <section class=\"u-align-center u-clearfix u-container-align-center u-image u-section-9\" id=\"block-15\" data-image-width=\"1280\" data-image-height=\"852\" style=\"background-image: url(&quot;https:\/\/heilpraktikerinnen-just-schmitt.de\/wp-content\/uploads\/2026\/03\/af851a1ef16e87efd29950874e25bdff12074b6b8e465c15951462760db09a0394cab1d91ce949451d8a0f4bb3ebbd869eca466970e0e5eef24a71_1280.jpg&quot;);\">\n      <div class=\"u-clearfix u-sheet u-valign-middle-lg u-valign-middle-md u-valign-middle-sm u-valign-middle-xs u-sheet-1\">\n        <div class=\"custom-expanded u-align-left u-video u-video-1\">\n          <div class=\"embed-responsive embed-responsive-1\">\n            <iframe style=\"position: absolute;top: 0;left: 0;width: 100%;height: 100%;\" class=\"embed-responsive-item\" src=\"https:\/\/www.youtube.com\/embed\/d0w6mUFRjEY?mute=0&amp;showinfo=0&amp;controls=0&amp;start=0\" frameborder=\"0\" allowfullscreen=\"\"><\/iframe>\n          <\/div>\n        <\/div>\n        <h2 class=\"u-align-center u-text u-text-default u-text-1\">Dr. Dietrich Klinghardt<\/h2>\n        <p class=\"u-align-center u-text u-text-2\">spricht \u00fcber die 7 Faktoren und sein dazugeh\u00f6riges Buch<\/p>\n      <\/div>\n    <\/section>\n    <section class=\"u-align-left u-clearfix u-container-align-left u-image u-shading u-section-10\" id=\"block-1\" data-image-width=\"1280\" data-image-height=\"853\" style=\"background-image: linear-gradient(0deg, rgba(0, 0, 0, 0.4), rgba(0, 0, 0, 0.4)), url(&quot;https:\/\/heilpraktikerinnen-just-schmitt.de\/wp-content\/uploads\/2026\/01\/9579c557337631ac631dceeeff2c361e5d7dbe904caf29f43bf116951d0d2d778068f77c618f955a117b1f2dc584de07969573a34d9557b9caf9d8_1280.jpg&quot;);\">\n      <div class=\"u-clearfix u-sheet u-sheet-1\">\n        <h1 class=\"u-align-left u-text u-title u-text-1\">Gemeine Nachtkerze - Heilpflanze des Jahres 2026 <\/h1>\n        <img decoding=\"async\" class=\"u-image u-image-default u-image-1\" src=\"https:\/\/heilpraktikerinnen-just-schmitt.de\/wp-content\/uploads\/2021\/01\/Andreas_9.jpg\" alt=\"\" data-image-width=\"1600\" data-image-height=\"1067\">\n        <p class=\"u-align-left u-large-text u-text u-text-variant u-text-2\">Mit freundlicher Empfehlung von Andrea Just und Andrea Schmitt<br>&nbsp;<br>\n          <br>&nbsp; &nbsp; &nbsp; &nbsp; &nbsp; &nbsp; &nbsp; &nbsp; &nbsp; &nbsp; &nbsp; &nbsp; &nbsp;&nbsp;<br>\n        <\/p>\n      <\/div>\n    <\/section>\n    \n    \n    \n    \n  \n","protected":false},"excerpt":{"rendered":"<p>Aktuelles &nbsp; B\u00e4rlauch &#8211; Er bringt alles in Bewegung und kann helfen, Vergangenes loszulassen. Er schen\u200bkt Willensst\u00e4rke&nbsp; und f\u00f6rdert den Tatendrang. B\u00e4rlauch &#8211; Fr\u00fchlingskraft&nbsp; Er ist eines der typischen Fr\u00fchlingsreinigungskr\u00e4uter und steckt voller Durchdringungs- und Erneuerungskraft.&nbsp;In schattigen Laubw\u00e4ldern und in der N\u00e4he eines Baches kann man ihn finden. Mehr erfahren L\u00f6wenzahn &#8211; Licht ins Dunkel &hellip; <a href=\"https:\/\/heilpraktikerinnen-just-schmitt.de\/index.php\/aktuelles\/\" class=\"more-link\">Continue reading<span class=\"screen-reader-text\"> &#8222;Aktuelles&#8220;<\/span><\/a><\/p>\n","protected":false},"author":1,"featured_media":0,"parent":0,"menu_order":5,"comment_status":"closed","ping_status":"closed","template":"","meta":{"footnotes":""},"class_list":["post-34","page","type-page","status-publish","hentry"],"_links":{"self":[{"href":"https:\/\/heilpraktikerinnen-just-schmitt.de\/index.php\/wp-json\/wp\/v2\/pages\/34","targetHints":{"allow":["GET"]}}],"collection":[{"href":"https:\/\/heilpraktikerinnen-just-schmitt.de\/index.php\/wp-json\/wp\/v2\/pages"}],"about":[{"href":"https:\/\/heilpraktikerinnen-just-schmitt.de\/index.php\/wp-json\/wp\/v2\/types\/page"}],"author":[{"embeddable":true,"href":"https:\/\/heilpraktikerinnen-just-schmitt.de\/index.php\/wp-json\/wp\/v2\/users\/1"}],"replies":[{"embeddable":true,"href":"https:\/\/heilpraktikerinnen-just-schmitt.de\/index.php\/wp-json\/wp\/v2\/comments?post=34"}],"version-history":[{"count":29,"href":"https:\/\/heilpraktikerinnen-just-schmitt.de\/index.php\/wp-json\/wp\/v2\/pages\/34\/revisions"}],"predecessor-version":[{"id":339,"href":"https:\/\/heilpraktikerinnen-just-schmitt.de\/index.php\/wp-json\/wp\/v2\/pages\/34\/revisions\/339"}],"wp:attachment":[{"href":"https:\/\/heilpraktikerinnen-just-schmitt.de\/index.php\/wp-json\/wp\/v2\/media?parent=34"}],"curies":[{"name":"wp","href":"https:\/\/api.w.org\/{rel}","templated":true}]}}