{"id":31,"date":"2021-01-31T15:15:14","date_gmt":"2021-01-31T15:15:14","guid":{"rendered":"https:\/\/heilpraktikerinnen-just-schmitt.de\/index.php\/kontakt\/"},"modified":"2025-04-11T07:44:24","modified_gmt":"2025-04-11T07:44:24","slug":"kontakt","status":"publish","type":"page","link":"https:\/\/heilpraktikerinnen-just-schmitt.de\/index.php\/kontakt\/","title":{"rendered":"Kontakt"},"content":{"rendered":"\n    \n    <section class=\"u-align-center u-clearfix u-container-align-center u-palette-1-light-1 u-section-2\" id=\"carousel_b19d\">\n      <h2 class=\"u-text u-text-body-alt-color u-text-1\">Kontaktieren Sie uns <\/h2>\n      <div class=\"u-align-center-md u-align-center-sm u-align-center-xs u-border-5 u-border-white u-line u-line-horizontal u-line-1\"><\/div>\n      <p class=\"u-text u-text-custom-color-1 u-text-2\">Sie erreichen uns\u200b \u00fcber unsere Mobilfunknummern.<br>\n        <br>Gerne k\u00f6nnen Sie auch das Kontaktformular benutzen.&nbsp;<br>Wir werden uns dann baldm\u00f6glichst bei Ihnen melden. \n      <\/p>\n      <div class=\"u-clearfix u-gutter-0 u-layout-wrap u-layout-wrap-1\">\n        <div class=\"u-gutter-0 u-layout\">\n          <div class=\"u-layout-row\">\n            <div class=\"u-align-center u-container-align-center u-container-style u-layout-cell u-left-cell u-palette-5-light-3 u-size-20 u-layout-cell-1\">\n              <div class=\"u-container-layout u-valign-top-sm u-valign-top-xs u-container-layout-1\">\n                <span class=\"u-align-center-sm u-align-center-xs u-icon u-icon-circle u-palette-1-dark-1 u-text-body-alt-color u-icon-1\"><svg class=\"u-svg-link\" preserveAspectRatio=\"xMidYMin slice\" viewBox=\"0 0 512 512\" style=\"\"><use xlink:href=\"#svg-c978\"><\/use><\/svg><svg class=\"u-svg-content\" viewBox=\"0 0 512 512\" x=\"0px\" y=\"0px\" id=\"svg-c978\" style=\"enable-background:new 0 0 512 512;\"><g><g><path d=\"M256,0C156.748,0,76,80.748,76,180c0,33.534,9.289,66.26,26.869,94.652l142.885,230.257    c2.737,4.411,7.559,7.091,12.745,7.091c0.04,0,0.079,0,0.119,0c5.231-0.041,10.063-2.804,12.75-7.292L410.611,272.22    C427.221,244.428,436,212.539,436,180C436,80.748,355.252,0,256,0z M384.866,256.818L258.272,468.186l-129.905-209.34    C113.734,235.214,105.8,207.95,105.8,180c0-82.71,67.49-150.2,150.2-150.2S406.1,97.29,406.1,180    C406.1,207.121,398.689,233.688,384.866,256.818z\"><\/path>\n<\/g>\n<\/g><g><g><path d=\"M256,90c-49.626,0-90,40.374-90,90c0,49.309,39.717,90,90,90c50.903,0,90-41.233,90-90C346,130.374,305.626,90,256,90z     M256,240.2c-33.257,0-60.2-27.033-60.2-60.2c0-33.084,27.116-60.2,60.2-60.2s60.1,27.116,60.1,60.2    C316.1,212.683,289.784,240.2,256,240.2z\"><\/path>\n<\/g>\n<\/g><\/svg><\/span>\n                <h5 class=\"u-custom-font u-text u-text-palette-5-dark-2 u-text-3\">Adresse:<\/h5>\n                <p class=\"u-text u-text-4\">&nbsp;Lendersh\u00e4userstr. 2&nbsp;<br>97461 Hofheim&nbsp;<br>\n                <\/p>\n              <\/div>\n            <\/div>\n            <div class=\"u-container-style u-layout-cell u-palette-5-light-3 u-size-20 u-layout-cell-2\">\n              <div class=\"u-container-layout u-valign-top u-container-layout-2\">\n                <span class=\"u-icon u-icon-circle u-palette-1-dark-1 u-text-body-alt-color u-icon-2\"><svg class=\"u-svg-link\" preserveAspectRatio=\"xMidYMin slice\" viewBox=\"0 0 479.058 479.058\" style=\"\"><use xlink:href=\"#svg-21d4\"><\/use><\/svg><svg class=\"u-svg-content\" viewBox=\"0 0 479.058 479.058\" id=\"svg-21d4\"><path d=\"m434.146 59.882h-389.234c-24.766 0-44.912 20.146-44.912 44.912v269.47c0 24.766 20.146 44.912 44.912 44.912h389.234c24.766 0 44.912-20.146 44.912-44.912v-269.47c0-24.766-20.146-44.912-44.912-44.912zm0 29.941c2.034 0 3.969.422 5.738 1.159l-200.355 173.649-200.356-173.649c1.769-.736 3.704-1.159 5.738-1.159zm0 299.411h-389.234c-8.26 0-14.971-6.71-14.971-14.971v-251.648l199.778 173.141c2.822 2.441 6.316 3.655 9.81 3.655s6.988-1.213 9.81-3.655l199.778-173.141v251.649c-.001 8.26-6.711 14.97-14.971 14.97z\"><\/path><\/svg><\/span>\n                <h5 class=\"u-align-center u-custom-font u-text u-text-palette-5-dark-2 u-text-5\">Email:<\/h5>\n                <a href=\"mailto:naturheilpraxis.schmitt-just@web.de?subject=Hallo%20Andrea\" class=\"u-align-center-sm u-align-center-xs u-border-active-none u-border-hover-none u-btn u-btn-rectangle u-button-style u-none u-text-hover-palette-1-light-1 u-text-palette-5-dark-3 u-btn-1\"> naturheilpraxis.schmitt-just@web.de <\/a>\n              <\/div>\n            <\/div>\n            <div class=\"u-container-style u-layout-cell u-palette-5-light-3 u-right-cell u-size-20 u-layout-cell-3\">\n              <div class=\"u-container-layout u-container-layout-3\">\n                <span class=\"u-icon u-icon-circle u-palette-1-dark-1 u-text-body-alt-color u-icon-3\"><svg class=\"u-svg-link\" preserveAspectRatio=\"xMidYMin slice\" viewBox=\"0 0 384 384\" style=\"\"><use xlink:href=\"#svg-b476\"><\/use><\/svg><svg class=\"u-svg-content\" viewBox=\"0 0 384 384\" x=\"0px\" y=\"0px\" id=\"svg-b476\" style=\"enable-background:new 0 0 384 384;\"><g><g><path d=\"M353.188,252.052c-23.51,0-46.594-3.677-68.469-10.906c-10.906-3.719-23.323-0.833-30.438,6.417l-43.177,32.594    c-50.073-26.729-80.917-57.563-107.281-107.26l31.635-42.052c8.219-8.208,11.167-20.198,7.635-31.448    c-7.26-21.99-10.948-45.063-10.948-68.583C132.146,13.823,118.323,0,101.333,0H30.812C13.823,0,0,13.823,0,30.812    C0,225.563,158.438,384,353.188,384c16.99,0,30.813-13.823,30.813-30.813v-70.323C384,265.875,370.177,252.052,353.188,252.052z     M362.667,353.188c0,5.229-4.25,9.479-9.479,9.479c-182.99,0-331.854-148.865-331.854-331.854c0-5.229,4.25-9.479,9.479-9.479    h70.521c5.229,0,9.479,4.25,9.479,9.479c0,25.802,4.052,51.125,11.979,75.115c1.104,3.542,0.208,7.208-3.375,10.938L82.75,165.427    c-2.458,3.26-2.844,7.625-1,11.26c29.927,58.823,66.292,95.188,125.531,125.542c3.604,1.885,8.021,1.49,11.292-0.979    l49.677-37.635c2.51-2.51,6.271-3.406,9.667-2.25c24.156,7.979,49.479,12.021,75.271,12.021c5.229,0,9.479,4.25,9.479,9.479    V353.188z\"><\/path>\n<\/g>\n<\/g><\/svg><\/span>\n                <h5 class=\"u-align-center u-custom-font u-text u-text-palette-5-dark-2 u-text-6\">Telefon:<\/h5>\n                <p class=\"u-align-center u-text u-text-7\">&nbsp; &nbsp; &nbsp; &nbsp; &nbsp;0170 8776156&nbsp;<br>und 0170 2864711&nbsp; \n                <\/p>\n              <\/div>\n            <\/div>\n          <\/div>\n        <\/div>\n      <\/div>\n      <div class=\"u-expanded-width u-grey-light-2 u-map u-map-1\">\n        <div class=\"embed-responsive\">\n          <iframe class=\"embed-responsive-item\" src=\"\/\/maps.google.com\/maps?output=embed&amp;q=Lendersh%C3%A4userstra%C3%9Fe%202%2097461%20Hofheim&amp;z=15&amp;t=k&amp;hl=de\" data-map=\"JTdCJTIyYWRkcmVzcyUyMiUzQSUyMkxlbmRlcnNoJUMzJUE0dXNlcnN0cmElQzMlOUZlJTIwMiUyMDk3NDYxJTIwSG9maGVpbSUyMiUyQyUyMnpvb20lMjIlM0ExNSUyQyUyMnR5cGVJZCUyMiUzQSUyMnNhdGVsbGl0ZSUyMiUyQyUyMmxhbmclMjIlM0ElMjJkZSUyMiU3RA==\"><\/iframe>\n        <\/div>\n      <\/div>\n    <\/section>\n    <section class=\"u-align-left u-clearfix u-container-align-left u-image u-shading u-section-3\" id=\"carousel_b9e0\" data-image-width=\"1600\" data-image-height=\"1200\" style=\"background-image: linear-gradient(0deg, rgba(255, 255, 255, 0.7), rgba(255, 255, 255, 0.7)), url(&quot;https:\/\/heilpraktikerinnen-just-schmitt.de\/wp-content\/uploads\/2021\/01\/SPRINGSCO-B09-06.jpg&quot;);\">\n      <div class=\"u-clearfix u-sheet u-valign-middle-lg u-valign-middle-md u-valign-middle-xl u-valign-top-sm u-valign-top-xs u-sheet-1\">\n        <div class=\"u-expanded-width-sm u-expanded-width-xs u-form u-form-1\">\n                  <script>\n            function onSuccess(event) {\n                if (typeof window.serviceRequest !== 'undefined') {\n                    window.serviceRequest(jQuery(this).find('form'));\n                }\n                var msgContainer = jQuery(event.currentTarget).find('.wpcf7-response-output');\n                msgContainer.removeClass('u-form-send-error').addClass('u-form-send-message u-form-send-success');\n                msgContainer.show();\n                var redirectAddress = jQuery(event.currentTarget).find('[redirect-address]').attr('redirect-address');\n                if (redirectAddress) {\n                    setTimeout(function () {\n                        location.replace(redirectAddress);\n                    }, 2000);\n                }\n            }\n            function onError(event) {\n                var msgContainer = jQuery(event.currentTarget).find('.wpcf7-response-output');\n                msgContainer.removeClass('u-form-send-success').addClass('u-form-send-message u-form-send-error');\n                msgContainer.show();\n            }\n\n            jQuery('body')\n                .on('wpcf7mailsent',   '.u-form .wpcf7', onSuccess)\n                .on('wpcf7invalid',    '.u-form .wpcf7', onError)\n                .on('wpcf7:unaccepted', '.u-form .wpcf7', onError)\n                .on('wpcf7spam',       '.u-form .wpcf7', onError)\n                .on('wpcf7:aborted',    '.u-form .wpcf7', onError)\n                .on('wpcf7mailfailed', '.u-form .wpcf7', onError);\n        <\/script>\n        <style>\n            .u-form .wpcf7-response-output {\n                \/*position: relative !important;*\/\n                margin: 0 !important;\n                bottom: -70px!important;\n            }\n            .u-form .wpcf7 .ajax-loader {\n                margin-left: -24px;\n                margin-right: 0;\n            }\n        <\/style>\n\n<div class=\"wpcf7 no-js\" id=\"wpcf7-f99-o1\" lang=\"de-DE\" dir=\"ltr\" data-wpcf7-id=\"99\">\n<div class=\"screen-reader-response\"><p role=\"status\" aria-live=\"polite\" aria-atomic=\"true\"><\/p> <ul><\/ul><\/div>\n<form style=\"padding: 10px;\" action=\"\/index.php\/wp-json\/wp\/v2\/pages\/31#wpcf7-f99-o1\" method=\"post\" class=\"wpcf7-form init u-clearfix u-form-spacing-30 u-form-vertical u-inner-form u-form-custom-backend\" aria-label=\"Kontaktformular\" novalidate=\"novalidate\" data-status=\"init\">\n<fieldset class=\"hidden-fields-container\"><input type=\"hidden\" name=\"_wpcf7\" value=\"99\" \/><input type=\"hidden\" name=\"_wpcf7_version\" value=\"6.1.5\" \/><input type=\"hidden\" name=\"_wpcf7_locale\" value=\"de_DE\" \/><input type=\"hidden\" name=\"_wpcf7_unit_tag\" value=\"wpcf7-f99-o1\" \/><input type=\"hidden\" name=\"_wpcf7_container_post\" value=\"0\" \/><input type=\"hidden\" name=\"_wpcf7_posted_data_hash\" value=\"\" \/><input type=\"hidden\" name=\"_cf7a__timestamp\" value=\"\/nb8vBfpI\/meWYGys8laLQ==\" \/><input type=\"hidden\" name=\"_cf7a_version\" value=\"1.0\" \/><input type=\"hidden\" name=\"_cf7a_address\" value=\"\" \/><input type=\"hidden\" name=\"_cf7a_referer\" value=\"\" \/><input type=\"hidden\" name=\"_cf7a_protocol\" value=\"\" \/><input type=\"hidden\" name=\"_cf7a_bot_fingerprint\" value=\"\/nb8vBfpI\/meWYGys8laLQ==\" \/><input type=\"hidden\" name=\"_cf7a_bot_fingerprint_extras\" \/><input type=\"hidden\" name=\"_cf7a_append_on_submit\" \/>\n<\/fieldset>\n\n            <div class=\"u-form-group wpcf7-form-control-wrap u-form-name\">\n              <label for=\"name-f997\" class=\"u-label u-text-body-color\">Name<\/label>\n              <input type=\"text\" placeholder=\"Hier bitte Vor- und Nachname eingeben\" id=\"name-f997\" name=\"name1\" class=\"u-border-black u-input wpcf7-form-control u-input-rectangle u-text-body-color\" required=\"\"><input type=\"text\" name=\"name\" value=\"\" autocomplete=\"fill\" class=\"fit-the-fullspace\" aria-hidden=\"true\" tabindex=\"-1\" \/>\n            <\/div>\n            <div class=\"u-form-group wpcf7-form-control-wrap u-form-phone u-form-group wpcf7-form-control-wrap-2\">\n              <label for=\"phone-926e\" class=\"u-label u-text-body-color\">Telefon<\/label>\n              <input type=\"tel\" pattern=\"+?d{0,3}[s(-]?([0-9]{2,3})[s)-]?([s-]?)([0-9]{3})[s-]?([0-9]{2})[s-]?([0-9]{2})\" placeholder=\"Wenn Sie einen R\u00fcckruf w\u00fcnschen, bitte Telefonnumer angeben\" id=\"phone-926e\" name=\"phone\" class=\"u-border-black u-input wpcf7-form-control u-input-rectangle u-text-body-color\">\n            <\/div>\n            <div class=\"u-form-email u-form-group wpcf7-form-control-wrap\">\n              <label for=\"email-f997\" class=\"u-label u-text-body-color\">Email<\/label>\n              <input type=\"email\" placeholder=\"Hier bitte Email-Adresse eingeben\" id=\"email-f997\" name=\"email\" class=\"u-border-black u-input wpcf7-form-control u-input-rectangle u-text-body-color\">\n            <\/div>\n            <div class=\"u-form-group wpcf7-form-control-wrap u-form-message\">\n              <label for=\"message-f997\" class=\"u-label u-text-body-color\">Nachricht<\/label>\n              <textarea placeholder=\"Ihre Nachricht an uns\" rows=\"5\" cols=\"50\" id=\"message-f997\" name=\"message\" class=\"u-border-black u-input wpcf7-form-control u-input-rectangle u-text-body-color\" required=\"\"><\/textarea>\n            <\/div>\n            <div class=\"u-form-agree u-form-group wpcf7-form-control-wrap u-form-group wpcf7-form-control-wrap-5\">\n              <label class=\"u-label\"><\/label>\n              <input type=\"checkbox\" id=\"agree-4e1f\" name=\"agree\" value=\"1\" class=\"u-agree-checkbox wpcf7-form-control u-field-input\" required=\"\">\n              <label for=\"agree-4e1f\" class=\" u-field-label u-text-body-color\" style=\"\">Ich habe die Datenschutzerkl\u00e4rung gelesen und stimme zu<\/label>\n            <\/div>\n            <div class=\"u-form-checkbox u-form-group wpcf7-form-control-wrap u-form-group wpcf7-form-control-wrap-6\">\n              <input type=\"checkbox\" id=\"checkbox-8b30\" name=\"checkbox\" value=\"On\" required=\"required\" class=\"u-field-input\">\n              <label for=\"checkbox-8b30\" class=\"u-block-8e68-21 u-field-label u-text-body-color\" style=\"\">Ja, ich bin damit einverstanden, dass meine Kontaktdaten (Name, Adresse, Email-Adresse, Telefonnummer) gespeichert und zur Kontaktaufnahme genutzt werden. Mir ist dabei klar, dass diese Einwilligung freiwillig und jederzeit widerruflich ist.<\/label>\n            <\/div>\n            <div class=\"u-align-center u-form-group wpcf7-form-control-wrap u-form-submit wpcf7-form-control\">\n              <a href=\"#\" class=\"u-border-2 u-border-black u-btn u-btn-submit wpcf7-submit u-button-style u-hover-black u-none u-text-black u-text-hover-white u-btn-1\">Senden<\/a>\n              <input type=\"submit\" value=\"submit\" class=\"u-form-control-hidden\">\n            <\/div>\n            <div class=\"u-form-send-message u-form-send-success\"> Thank you! Your message has been sent. <\/div>\n            <div class=\"u-form-send-error u-form-send-message\"> Unable to send your message. Please fix errors then try again. <\/div>\n            <input type=\"hidden\" value=\"\" name=\"recaptchaResponse\">\n          <input type=\"hidden\" name=\"_contact7_backend\" value=\"1\"><div class=\"wpcf7-response-output\" aria-hidden=\"true\"><\/div>\n<\/form>\n<\/div>\n\n        <\/div>\n      <\/div>\n    <\/section>\n    \n    \n    \n    \n  \n","protected":false},"excerpt":{"rendered":"<p>Kontaktieren Sie uns Sie erreichen uns\u200b \u00fcber unsere Mobilfunknummern. Gerne k\u00f6nnen Sie auch das Kontaktformular benutzen.&nbsp;Wir werden uns dann baldm\u00f6glichst bei Ihnen melden. Adresse: &nbsp;Lendersh\u00e4userstr. 2&nbsp;97461 Hofheim&nbsp; Email: naturheilpraxis.schmitt-just@web.de Telefon: &nbsp; &nbsp; &nbsp; &nbsp; &nbsp;0170 8776156&nbsp;und 0170 2864711&nbsp; Name Telefon Email Nachricht Ich habe die Datenschutzerkl\u00e4rung gelesen und stimme zu Ja, ich bin damit einverstanden, &hellip; <a href=\"https:\/\/heilpraktikerinnen-just-schmitt.de\/index.php\/kontakt\/\" class=\"more-link\">Continue reading<span class=\"screen-reader-text\"> &#8222;Kontakt&#8220;<\/span><\/a><\/p>\n","protected":false},"author":1,"featured_media":0,"parent":0,"menu_order":2,"comment_status":"closed","ping_status":"closed","template":"","meta":{"footnotes":""},"class_list":["post-31","page","type-page","status-publish","hentry"],"_links":{"self":[{"href":"https:\/\/heilpraktikerinnen-just-schmitt.de\/index.php\/wp-json\/wp\/v2\/pages\/31","targetHints":{"allow":["GET"]}}],"collection":[{"href":"https:\/\/heilpraktikerinnen-just-schmitt.de\/index.php\/wp-json\/wp\/v2\/pages"}],"about":[{"href":"https:\/\/heilpraktikerinnen-just-schmitt.de\/index.php\/wp-json\/wp\/v2\/types\/page"}],"author":[{"embeddable":true,"href":"https:\/\/heilpraktikerinnen-just-schmitt.de\/index.php\/wp-json\/wp\/v2\/users\/1"}],"replies":[{"embeddable":true,"href":"https:\/\/heilpraktikerinnen-just-schmitt.de\/index.php\/wp-json\/wp\/v2\/comments?post=31"}],"version-history":[{"count":7,"href":"https:\/\/heilpraktikerinnen-just-schmitt.de\/index.php\/wp-json\/wp\/v2\/pages\/31\/revisions"}],"predecessor-version":[{"id":224,"href":"https:\/\/heilpraktikerinnen-just-schmitt.de\/index.php\/wp-json\/wp\/v2\/pages\/31\/revisions\/224"}],"wp:attachment":[{"href":"https:\/\/heilpraktikerinnen-just-schmitt.de\/index.php\/wp-json\/wp\/v2\/media?parent=31"}],"curies":[{"name":"wp","href":"https:\/\/api.w.org\/{rel}","templated":true}]}}